{"id":13247,"date":"2009-10-19T07:04:49","date_gmt":"2009-10-19T06:04:49","guid":{"rendered":"http:\/\/www.dokus4.me\/?page_id=13247"},"modified":"2014-10-28T15:48:40","modified_gmt":"2014-10-28T14:48:40","slug":"dokus-wunschen","status":"publish","type":"page","link":"http:\/\/www.dokus4.me\/index.php\/dokus-wunschen\/","title":{"rendered":"Dokus W\u00fcnschen"},"content":{"rendered":"<p><strong>Hier eine Doku Wunschseite.<br \/>\nWir versuchen allen W\u00fcnschen gerecht zu werden, nur gibt es h\u00e4ufig W\u00fcnsche, die wir leider nicht erf\u00fcllen k\u00f6nnen, da sie bei unseren Quellen nicht auffindbar sind.Probiert aber trotzdem euer Gl\u00fcck bitte. \u2663 <\/strong><\/p>\n<p><\/p>\n<table width=\"620\" border=\"0\" cellpadding=\"0\" cellspacing=\"0\">\n<tr>\n<td><img decoding=\"async\" loading=\"lazy\" src=\"http:\/\/static.freepik.com\/fotos-kostenlos\/pfeil-links-rechts_17-327031949.jpg\" alt=\"\" border=\"0\" width=\"130\" height=\"50\"><\/td>\n<td><a href=\"http:\/\/www.dokus4.me\/index.php\/2012\/03\/21\/chatbox\/\" title=\"chat\" target=\"_parent\"><br \/>\n<img decoding=\"async\" loading=\"lazy\" src=\"http:\/\/www.epltalk.com\/media\/2008\/09\/chat-button.jpg\" alt=\"\" border=\"0\" width=\"150\" height=\"50\" id=\"button\" name=\"button\" ><\/a><\/p>\n<td><img decoding=\"async\" loading=\"lazy\" src=\"http:\/\/static.freepik.com\/fotos-kostenlos\/pfeil-links-rechts_17-327031949.jpg\" alt=\"\" border=\"0\" width=\"130\" height=\"50\"><\/td>\n<\/td>\n<\/tr>\n<\/table>\n<p><\/p>\n<p><\/p> ","protected":false},"excerpt":{"rendered":"<p>Hier eine Doku Wunschseite. Wir versuchen allen W\u00fcnschen gerecht zu werden, nur gibt es h\u00e4ufig W\u00fcnsche, die wir leider nicht erf\u00fcllen k\u00f6nnen, da sie bei unseren Quellen nicht auffindbar sind.Probiert aber trotzdem euer Gl\u00fcck bitte. \u2663<\/p>\n<p><\/p> ","protected":false},"author":1,"featured_media":0,"parent":0,"menu_order":0,"comment_status":"open","ping_status":"open","template":"","meta":[],"_links":{"self":[{"href":"http:\/\/www.dokus4.me\/index.php\/wp-json\/wp\/v2\/pages\/13247"}],"collection":[{"href":"http:\/\/www.dokus4.me\/index.php\/wp-json\/wp\/v2\/pages"}],"about":[{"href":"http:\/\/www.dokus4.me\/index.php\/wp-json\/wp\/v2\/types\/page"}],"author":[{"embeddable":true,"href":"http:\/\/www.dokus4.me\/index.php\/wp-json\/wp\/v2\/users\/1"}],"replies":[{"embeddable":true,"href":"http:\/\/www.dokus4.me\/index.php\/wp-json\/wp\/v2\/comments?post=13247"}],"version-history":[{"count":18,"href":"http:\/\/www.dokus4.me\/index.php\/wp-json\/wp\/v2\/pages\/13247\/revisions"}],"predecessor-version":[{"id":43871,"href":"http:\/\/www.dokus4.me\/index.php\/wp-json\/wp\/v2\/pages\/13247\/revisions\/43871"}],"wp:attachment":[{"href":"http:\/\/www.dokus4.me\/index.php\/wp-json\/wp\/v2\/media?parent=13247"}],"curies":[{"name":"wp","href":"https:\/\/api.w.org\/{rel}","templated":true}]}}