{"id":328,"date":"2009-01-14T16:11:48","date_gmt":"2009-01-14T15:11:48","guid":{"rendered":"http:\/\/www.dokus4.me\/?page_id=328"},"modified":"2017-03-02T09:29:24","modified_gmt":"2017-03-02T08:29:24","slug":"faq","status":"publish","type":"page","link":"http:\/\/www.dokus4.me\/index.php\/sonstiges\/faq\/","title":{"rendered":"FAQ"},"content":{"rendered":"<p><strong>In letzter Zeit haben einige User Probleme mit dem Player von Onlineclip, die Dokus laufen nur eine gewisse Zeit und brechen dann ab.<br \/>\nDas Problem liegt nicht an uns, sondern am Hoster. Dieses Problem besteht auch nicht bei jedem User, das liegt schlicht und einfach daran, dass der Videoplayer ein wenig bearbeitet wurde und noch nicht mit allen Firefox Versionen kompatibel ist.<\/strong><\/p>\n<p><strong>Warum startet meine Doku nicht? (Internet Explorer)<\/strong><br \/>\nFalls du den Internet Explorer benutzt, m\u00fcssen wir dir leider sagen, dass du dir die meisten Dokus nicht ansehen kannst. Wir arbeiten bereits an diesem Problem. Lade dir einfach den neusten Mozilla Firefox runter und du kannst alle Dokus ansehen.<\/p>\n<p><strong>Die Doku ist nicht mehr Verf\u00fcgbar<\/strong><br \/>\nWenn dies der Fall ist, dann sei doch bitte so nett und melde dies in unserer <a target=\"_blank\" href=\".\/index.php\/offline-dokus\">Offline Dokus Sektion<\/a>.<br \/>\nWir werden uns so schnell wie m\u00f6glich darum k\u00fcmmern, dass die Doku wieder verf\u00fcgbar ist oder offline geht, falls dieses Video im Internet nicht mehr auffindbar ist.<br \/>\nLeider immer h\u00e4ufiger sind gel\u00f6schte Kan\u00e4le auf youtube der Grund daf\u00fcr, dass unsere Dokus nicht mehr verf\u00fcgbar sind. <\/p>\n<p><strong>Wie kann ich Dokus einreichen\/vorschlagen?<\/strong><br \/>\nDazu haben wir in der Navigation eine extra Seite eingerichtet. Sie hei\u00dft &#8222;Doku w\u00fcnschen&#8220;.<\/p>\n<p><strong>Wie richte ich ein Avatar ein?<\/strong><br \/>\nEinfach bei <a target=\"_blank\" href=\"http:\/\/www.gravatar.com\">gravatar.com<\/a> mit g\u00fcltiger Email-Adresse anmelden, Avatar hochladen und kommentieren.<\/p>\n<p><strong>Ich habe ein anderes Problem<\/strong><br \/>\nFalls du ein Problem hast, welches hier nicht aufgelistet ist, oder sich das Problem trotz FAQ einfach nicht l\u00f6sen l\u00e4sst, benachrichtige uns doch einfach \u00fcber das Kontakformular.<\/p>\n<p><strong>Wieso kann ich nicht kommentieren?<\/strong><br \/>\nWir haben es nun so eingestellt, dass man sich f\u00fcr ein Kommentar einloggen muss. Einfach aus dem Grund, dass so weniger Spam-Kommentare eintreten. Eine Anmeldung ist aber in wenigen Schritten getan und sie ist kostenlos.<\/p>\n<p><\/p> ","protected":false},"excerpt":{"rendered":"<p>In letzter Zeit haben einige User Probleme mit dem Player von Onlineclip, die Dokus laufen nur eine gewisse Zeit und brechen dann ab. Das Problem liegt nicht an uns, sondern am Hoster. Dieses Problem besteht auch nicht bei jedem User, das liegt schlicht und einfach daran, dass der Videoplayer ein wenig bearbeitet wurde und noch [&hellip;]<\/p>\n<p><\/p> ","protected":false},"author":1,"featured_media":0,"parent":325,"menu_order":0,"comment_status":"closed","ping_status":"open","template":"","meta":[],"_links":{"self":[{"href":"http:\/\/www.dokus4.me\/index.php\/wp-json\/wp\/v2\/pages\/328"}],"collection":[{"href":"http:\/\/www.dokus4.me\/index.php\/wp-json\/wp\/v2\/pages"}],"about":[{"href":"http:\/\/www.dokus4.me\/index.php\/wp-json\/wp\/v2\/types\/page"}],"author":[{"embeddable":true,"href":"http:\/\/www.dokus4.me\/index.php\/wp-json\/wp\/v2\/users\/1"}],"replies":[{"embeddable":true,"href":"http:\/\/www.dokus4.me\/index.php\/wp-json\/wp\/v2\/comments?post=328"}],"version-history":[{"count":11,"href":"http:\/\/www.dokus4.me\/index.php\/wp-json\/wp\/v2\/pages\/328\/revisions"}],"predecessor-version":[{"id":48945,"href":"http:\/\/www.dokus4.me\/index.php\/wp-json\/wp\/v2\/pages\/328\/revisions\/48945"}],"up":[{"embeddable":true,"href":"http:\/\/www.dokus4.me\/index.php\/wp-json\/wp\/v2\/pages\/325"}],"wp:attachment":[{"href":"http:\/\/www.dokus4.me\/index.php\/wp-json\/wp\/v2\/media?parent=328"}],"curies":[{"name":"wp","href":"https:\/\/api.w.org\/{rel}","templated":true}]}}