{"id":7318,"date":"2009-05-22T14:18:22","date_gmt":"2009-05-22T13:18:22","guid":{"rendered":"http:\/\/www.dokus4.me\/files\/?page_id=7318"},"modified":"2020-06-21T15:31:48","modified_gmt":"2020-06-21T14:31:48","slug":"offline-dokus","status":"publish","type":"page","link":"http:\/\/www.dokus4.me\/index.php\/offline-dokus\/","title":{"rendered":"Offline Dokus"},"content":{"rendered":"<p><strong>Postet in die Kommentare die Links zu Dokus die nicht mehr verf\u00fcgbar sind. Sobald  <a href=\"https:\/\/xjobs.org\/\" style=\"text-decoration: none; color:#333\">\u043a\u0430\u043a \u043d\u0430\u0439\u0442\u0438 \u0440\u0430\u0431\u043e\u0442\u0443 \u0432 \u043a\u0440\u0430\u0441\u043d\u043e\u0434\u0430\u0440\u0435<\/a> euer Kommentar gel\u00f6scht ist, ist die Doku wieder verf\u00fcgbar. Ausnahmen sind Dokus, die leider nicht mehr auffindbar sind. Diese werden dann von uns gel\u00f6scht.<\/p>\n<p><\/p>\n<table width=\"620\" border=\"0\" cellpadding=\"0\" cellspacing=\"0\">\n<tr>\n<td><img decoding=\"async\" loading=\"lazy\" src=\"http:\/\/static.freepik.com\/fotos-kostenlos\/pfeil-links-rechts_17-327031949.jpg\" alt=\"\" border=\"0\" width=\"130\" height=\"50\"><\/td>\n<td><a href=\"http:\/\/www.dokus4.me\/index.php\/2012\/03\/21\/chatbox\/\" title=\"chat\" target=\"_parent\" rel=\"noopener noreferrer\"><br \/>\n<img decoding=\"async\" loading=\"lazy\" src=\"http:\/\/www.epltalk.com\/media\/2008\/09\/chat-button.jpg\" alt=\"\" border=\"0\" width=\"150\" height=\"50\" id=\"button\" name=\"button\" ><\/a><\/p>\n<td><img decoding=\"async\" loading=\"lazy\" src=\"http:\/\/static.freepik.com\/fotos-kostenlos\/pfeil-links-rechts_17-327031949.jpg\" alt=\"\" border=\"0\" width=\"130\" height=\"50\"><\/td>\n<\/td>\n<\/tr>\n<\/table>\n<p> <a href=\"https:\/\/igrovyieavtomatibesplatno.com\/\" style=\"text-decoration: none; color:#333\">\u043a\u0430\u0437\u0438\u043d\u043e \u043e\u043d\u043b\u0430\u0439\u043d \u0438\u0433\u0440\u0430\u0442\u044c \u0431\u0435\u0441\u043f\u043b\u0430\u0442\u043d\u043e \u0431\u0435\u0437 \u0440\u0435\u0433\u0438\u0441\u0442\u0440\u0430\u0446\u0438\u0438 \u0441\u043b\u043e\u0442\u044b<\/a> <\/p>\n<p><\/p> ","protected":false},"excerpt":{"rendered":"<p>Postet in die Kommentare die Links zu Dokus die nicht mehr verf\u00fcgbar sind. Sobald \u043a\u0430\u043a \u043d\u0430\u0439\u0442\u0438 \u0440\u0430\u0431\u043e\u0442\u0443 \u0432 \u043a\u0440\u0430\u0441\u043d\u043e\u0434\u0430\u0440\u0435 euer Kommentar gel\u00f6scht ist, ist die Doku wieder verf\u00fcgbar. Ausnahmen sind Dokus, die leider nicht mehr auffindbar sind. Diese werden dann von uns gel\u00f6scht. \u043a\u0430\u0437\u0438\u043d\u043e \u043e\u043d\u043b\u0430\u0439\u043d \u0438\u0433\u0440\u0430\u0442\u044c \u0431\u0435\u0441\u043f\u043b\u0430\u0442\u043d\u043e \u0431\u0435\u0437 \u0440\u0435\u0433\u0438\u0441\u0442\u0440\u0430\u0446\u0438\u0438 \u0441\u043b\u043e\u0442\u044b<\/p>\n<p><\/p> ","protected":false},"author":1,"featured_media":0,"parent":0,"menu_order":0,"comment_status":"open","ping_status":"open","template":"","meta":[],"_links":{"self":[{"href":"http:\/\/www.dokus4.me\/index.php\/wp-json\/wp\/v2\/pages\/7318"}],"collection":[{"href":"http:\/\/www.dokus4.me\/index.php\/wp-json\/wp\/v2\/pages"}],"about":[{"href":"http:\/\/www.dokus4.me\/index.php\/wp-json\/wp\/v2\/types\/page"}],"author":[{"embeddable":true,"href":"http:\/\/www.dokus4.me\/index.php\/wp-json\/wp\/v2\/users\/1"}],"replies":[{"embeddable":true,"href":"http:\/\/www.dokus4.me\/index.php\/wp-json\/wp\/v2\/comments?post=7318"}],"version-history":[{"count":35,"href":"http:\/\/www.dokus4.me\/index.php\/wp-json\/wp\/v2\/pages\/7318\/revisions"}],"predecessor-version":[{"id":51914,"href":"http:\/\/www.dokus4.me\/index.php\/wp-json\/wp\/v2\/pages\/7318\/revisions\/51914"}],"wp:attachment":[{"href":"http:\/\/www.dokus4.me\/index.php\/wp-json\/wp\/v2\/media?parent=7318"}],"curies":[{"name":"wp","href":"https:\/\/api.w.org\/{rel}","templated":true}]}}